{"id":459,"date":"2024-12-19T17:04:08","date_gmt":"2024-12-19T16:04:08","guid":{"rendered":"https:\/\/ebrain.events\/?page_id=459"},"modified":"2025-02-27T14:35:17","modified_gmt":"2025-02-27T13:35:17","slug":"imprint","status":"publish","type":"page","link":"https:\/\/ebrain.events\/en\/imprint\/","title":{"rendered":"imprint"},"content":{"rendered":"<div data-elementor-type=\"wp-page\" data-elementor-id=\"459\" class=\"elementor elementor-459\" data-elementor-post-type=\"page\">\n\t\t\t\t<div class=\"elementor-element elementor-element-7b4a8dfa e-flex e-con-boxed e-con e-parent\" data-id=\"7b4a8dfa\" data-element_type=\"container\" data-e-type=\"container\" data-settings=\"{&quot;background_background&quot;:&quot;classic&quot;,&quot;shape_divider_bottom&quot;:&quot;curve-asymmetrical&quot;}\">\n\t\t\t\t\t<div class=\"e-con-inner\">\n\t\t\t\t<div class=\"elementor-shape elementor-shape-bottom\" aria-hidden=\"true\" data-negative=\"false\">\n\t\t\t<svg xmlns=\"http:\/\/www.w3.org\/2000\/svg\" viewbox=\"0 0 1000 100\" preserveaspectratio=\"none\">\n\t<path class=\"elementor-shape-fill\" d=\"M0,0c0,0,0,6,0,6.7c0,18,240.2,93.6,615.2,92.6C989.8,98.5,1000,25,1000,6.7c0-0.7,0-6.7,0-6.7H0z\"\/>\n<\/svg>\t\t<\/div>\n\t\t\t\t<div class=\"elementor-element elementor-element-577dc669 elementor-widget__width-inherit elementor-invisible elementor-widget elementor-widget-heading\" data-id=\"577dc669\" data-element_type=\"widget\" data-e-type=\"widget\" data-settings=\"{&quot;_animation&quot;:&quot;fadeInUp&quot;}\" data-widget_type=\"heading.default\">\n\t\t\t\t<div class=\"elementor-widget-container\">\n\t\t\t\t\t<h2 class=\"elementor-heading-title elementor-size-default\">Impressum<\/h2>\t\t\t\t<\/div>\n\t\t\t\t<\/div>\n\t\t\t\t\t<\/div>\n\t\t\t\t<\/div>\n\t\t<div class=\"elementor-element elementor-element-4e911d38 e-flex e-con-boxed e-con e-parent\" data-id=\"4e911d38\" data-element_type=\"container\" data-e-type=\"container\">\n\t\t\t\t\t<div class=\"e-con-inner\">\n\t\t\t\t<div class=\"elementor-element elementor-element-3378b04c elementor-widget elementor-widget-text-editor\" data-id=\"3378b04c\" data-element_type=\"widget\" data-e-type=\"widget\" data-widget_type=\"text-editor.default\">\n\t\t\t\t<div class=\"elementor-widget-container\">\n\t\t\t\t\t\t\t\t\t<p>eBrain Technology Group Gmbh<br \/>Wilmersdorfer Strasse 138-140<br \/>10585 Berlin<\/p><p><strong>Vertreten durch:<br \/><\/strong>Gesch\u00e4ftsf\u00fchrer<br \/>Jan Neumann<strong><br \/><\/strong><\/p><h2>Contact<\/h2><p>Telefon: <br \/><a href=\"tel:03023134406\">030 23 13 44 06<\/a><\/p><p><b>Unsere B\u00fcrozeiten:<\/b><br \/>Montag bis Donnerstag: 09:00 \u2013 18:00 Uhr<br \/>Freitag: 09:00 \u2013 15:00 Uhr<br \/><br \/><\/p><p>E-Mail: <a href=\"mailto:contact@ebrain.events\">contact@ebrain.events<\/a><\/p><h2>EU-Streitschlichtung<\/h2><p>Die Europ\u00e4ische Kommission stellt eine Plattform zur Online-Streitbeilegung (OS) bereit:\u00a0<a href=\"https:\/\/ec.europa.eu\/consumers\/odr\/\" target=\"_blank\" rel=\"noopener noreferrer\">https:\/\/ec.europa.eu\/consumers\/odr\/<\/a>.<br \/>Unsere E-Mail-Adresse finden Sie oben im Impressum.<\/p><h2>Verbraucher\u00adstreit\u00adbeilegung\/Universal\u00adschlichtungs\u00adstelle<\/h2><p>Wir sind nicht bereit oder verpflichtet, an Streitbeilegungsverfahren vor einer Verbraucherschlichtungsstelle teilzunehmen.<\/p>\t\t\t\t\t\t\t\t<\/div>\n\t\t\t\t<\/div>\n\t\t\t\t\t<\/div>\n\t\t\t\t<\/div>\n\t\t\t\t<\/div>","protected":false},"excerpt":{"rendered":"<p>Impressum eBrain Technology Group GmbhWilmersdorfer Strasse 138-14010585 Berlin Vertreten durch:Gesch\u00e4ftsf\u00fchrerJan Neumann Kontakt Telefon: 030 23 13 44 06 Unsere B\u00fcrozeiten:Montag bis Donnerstag: 09:00 \u2013 18:00 UhrFreitag: 09:00 \u2013 15:00 Uhr E-Mail: contact@ebrain.events EU-Streitschlichtung Die Europ\u00e4ische Kommission stellt eine Plattform zur Online-Streitbeilegung (OS) bereit:\u00a0https:\/\/ec.europa.eu\/consumers\/odr\/.Unsere E-Mail-Adresse finden Sie oben im Impressum. Verbraucher\u00adstreit\u00adbeilegung\/Universal\u00adschlichtungs\u00adstelle Wir sind nicht bereit oder [&hellip;]<\/p>\n","protected":false},"author":3,"featured_media":0,"parent":0,"menu_order":0,"comment_status":"closed","ping_status":"closed","template":"elementor_header_footer","meta":{"footnotes":""},"class_list":["post-459","page","type-page","status-publish","hentry"],"yoast_head":"<!-- This site is optimized with the Yoast SEO Premium plugin v26.9 (Yoast SEO v27.3) - https:\/\/yoast.com\/product\/yoast-seo-premium-wordpress\/ -->\n<title>imprint - ebrain | The Revolution in Event Management<\/title>\n<meta name=\"robots\" content=\"index, follow, max-snippet:-1, max-image-preview:large, max-video-preview:-1\" \/>\n<link rel=\"canonical\" href=\"https:\/\/ebrain.events\/en\/imprint\/\" \/>\n<meta property=\"og:locale\" content=\"en_US\" \/>\n<meta property=\"og:type\" content=\"article\" \/>\n<meta property=\"og:title\" content=\"imprint\" \/>\n<meta property=\"og:description\" content=\"Impressum eBrain Technology Group GmbhWilmersdorfer Strasse 138-14010585 Berlin Vertreten durch:Gesch\u00e4ftsf\u00fchrerJan Neumann Kontakt Telefon: 030 23 13 44 06 Unsere B\u00fcrozeiten:Montag bis Donnerstag: 09:00 \u2013 18:00 UhrFreitag: 09:00 \u2013 15:00 Uhr E-Mail: contact@ebrain.events EU-Streitschlichtung Die Europ\u00e4ische Kommission stellt eine Plattform zur Online-Streitbeilegung (OS) bereit:\u00a0https:\/\/ec.europa.eu\/consumers\/odr\/.Unsere E-Mail-Adresse finden Sie oben im Impressum. Verbraucher\u00adstreit\u00adbeilegung\/Universal\u00adschlichtungs\u00adstelle Wir sind nicht bereit oder [&hellip;]\" \/>\n<meta property=\"og:url\" content=\"https:\/\/ebrain.events\/en\/imprint\/\" \/>\n<meta property=\"og:site_name\" content=\"ebrain | The Revolution in Event Management\" \/>\n<meta property=\"article:modified_time\" content=\"2025-02-27T13:35:17+00:00\" \/>\n<meta name=\"twitter:card\" content=\"summary_large_image\" \/>\n<meta name=\"twitter:label1\" content=\"Est. reading time\" \/>\n\t<meta name=\"twitter:data1\" content=\"1 minute\" \/>\n<script type=\"application\/ld+json\" class=\"yoast-schema-graph\">{\"@context\":\"https:\\\/\\\/schema.org\",\"@graph\":[{\"@type\":\"WebPage\",\"@id\":\"https:\\\/\\\/ebrain.events\\\/imprint\\\/\",\"url\":\"https:\\\/\\\/ebrain.events\\\/imprint\\\/\",\"name\":\"imprint - ebrain | The Revolution in Event Management\",\"isPartOf\":{\"@id\":\"https:\\\/\\\/ebrain.events\\\/#website\"},\"datePublished\":\"2024-12-19T16:04:08+00:00\",\"dateModified\":\"2025-02-27T13:35:17+00:00\",\"breadcrumb\":{\"@id\":\"https:\\\/\\\/ebrain.events\\\/imprint\\\/#breadcrumb\"},\"inLanguage\":\"en-US\",\"potentialAction\":[{\"@type\":\"ReadAction\",\"target\":[\"https:\\\/\\\/ebrain.events\\\/imprint\\\/\"]}]},{\"@type\":\"BreadcrumbList\",\"@id\":\"https:\\\/\\\/ebrain.events\\\/imprint\\\/#breadcrumb\",\"itemListElement\":[{\"@type\":\"ListItem\",\"position\":1,\"name\":\"Home\",\"item\":\"https:\\\/\\\/ebrain.events\\\/\"},{\"@type\":\"ListItem\",\"position\":2,\"name\":\"imprint\"}]},{\"@type\":\"WebSite\",\"@id\":\"https:\\\/\\\/ebrain.events\\\/#website\",\"url\":\"https:\\\/\\\/ebrain.events\\\/\",\"name\":\"ebrain | The Revolution in Event Management\",\"description\":\"Radically smarter with AI\",\"publisher\":{\"@id\":\"https:\\\/\\\/ebrain.events\\\/#organization\"},\"potentialAction\":[{\"@type\":\"SearchAction\",\"target\":{\"@type\":\"EntryPoint\",\"urlTemplate\":\"https:\\\/\\\/ebrain.events\\\/?s={search_term_string}\"},\"query-input\":{\"@type\":\"PropertyValueSpecification\",\"valueRequired\":true,\"valueName\":\"search_term_string\"}}],\"inLanguage\":\"en-US\"},{\"@type\":\"Organization\",\"@id\":\"https:\\\/\\\/ebrain.events\\\/#organization\",\"name\":\"ebrain | The Revolution in Event Management\",\"url\":\"https:\\\/\\\/ebrain.events\\\/\",\"logo\":{\"@type\":\"ImageObject\",\"inLanguage\":\"en-US\",\"@id\":\"https:\\\/\\\/ebrain.events\\\/#\\\/schema\\\/logo\\\/image\\\/\",\"url\":\"https:\\\/\\\/ebrain.events\\\/wp-content\\\/uploads\\\/2024\\\/10\\\/ebrain-Logo-1-Kopie-1.png\",\"contentUrl\":\"https:\\\/\\\/ebrain.events\\\/wp-content\\\/uploads\\\/2024\\\/10\\\/ebrain-Logo-1-Kopie-1.png\",\"width\":410,\"height\":130,\"caption\":\"ebrain | The Revolution in Event Management\"},\"image\":{\"@id\":\"https:\\\/\\\/ebrain.events\\\/#\\\/schema\\\/logo\\\/image\\\/\"}}]}<\/script>\n<!-- \/ Yoast SEO Premium plugin. -->","yoast_head_json":{"title":"imprint - ebrain | The Revolution in Event Management","robots":{"index":"index","follow":"follow","max-snippet":"max-snippet:-1","max-image-preview":"max-image-preview:large","max-video-preview":"max-video-preview:-1"},"canonical":"https:\/\/ebrain.events\/en\/imprint\/","og_locale":"en_US","og_type":"article","og_title":"imprint","og_description":"Impressum eBrain Technology Group GmbhWilmersdorfer Strasse 138-14010585 Berlin Vertreten durch:Gesch\u00e4ftsf\u00fchrerJan Neumann Kontakt Telefon: 030 23 13 44 06 Unsere B\u00fcrozeiten:Montag bis Donnerstag: 09:00 \u2013 18:00 UhrFreitag: 09:00 \u2013 15:00 Uhr E-Mail: contact@ebrain.events EU-Streitschlichtung Die Europ\u00e4ische Kommission stellt eine Plattform zur Online-Streitbeilegung (OS) bereit:\u00a0https:\/\/ec.europa.eu\/consumers\/odr\/.Unsere E-Mail-Adresse finden Sie oben im Impressum. Verbraucher\u00adstreit\u00adbeilegung\/Universal\u00adschlichtungs\u00adstelle Wir sind nicht bereit oder [&hellip;]","og_url":"https:\/\/ebrain.events\/en\/imprint\/","og_site_name":"ebrain | The Revolution in Event Management","article_modified_time":"2025-02-27T13:35:17+00:00","twitter_card":"summary_large_image","twitter_misc":{"Est. reading time":"1 minute"},"schema":{"@context":"https:\/\/schema.org","@graph":[{"@type":"WebPage","@id":"https:\/\/ebrain.events\/imprint\/","url":"https:\/\/ebrain.events\/imprint\/","name":"imprint - ebrain | The Revolution in Event Management","isPartOf":{"@id":"https:\/\/ebrain.events\/#website"},"datePublished":"2024-12-19T16:04:08+00:00","dateModified":"2025-02-27T13:35:17+00:00","breadcrumb":{"@id":"https:\/\/ebrain.events\/imprint\/#breadcrumb"},"inLanguage":"en-US","potentialAction":[{"@type":"ReadAction","target":["https:\/\/ebrain.events\/imprint\/"]}]},{"@type":"BreadcrumbList","@id":"https:\/\/ebrain.events\/imprint\/#breadcrumb","itemListElement":[{"@type":"ListItem","position":1,"name":"Home","item":"https:\/\/ebrain.events\/"},{"@type":"ListItem","position":2,"name":"imprint"}]},{"@type":"WebSite","@id":"https:\/\/ebrain.events\/#website","url":"https:\/\/ebrain.events\/","name":"ebrain | The Revolution in Event Management","description":"Radically smarter with AI","publisher":{"@id":"https:\/\/ebrain.events\/#organization"},"potentialAction":[{"@type":"SearchAction","target":{"@type":"EntryPoint","urlTemplate":"https:\/\/ebrain.events\/?s={search_term_string}"},"query-input":{"@type":"PropertyValueSpecification","valueRequired":true,"valueName":"search_term_string"}}],"inLanguage":"en-US"},{"@type":"Organization","@id":"https:\/\/ebrain.events\/#organization","name":"ebrain | The Revolution in Event Management","url":"https:\/\/ebrain.events\/","logo":{"@type":"ImageObject","inLanguage":"en-US","@id":"https:\/\/ebrain.events\/#\/schema\/logo\/image\/","url":"https:\/\/ebrain.events\/wp-content\/uploads\/2024\/10\/ebrain-Logo-1-Kopie-1.png","contentUrl":"https:\/\/ebrain.events\/wp-content\/uploads\/2024\/10\/ebrain-Logo-1-Kopie-1.png","width":410,"height":130,"caption":"ebrain | The Revolution in Event Management"},"image":{"@id":"https:\/\/ebrain.events\/#\/schema\/logo\/image\/"}}]}},"_links":{"self":[{"href":"https:\/\/ebrain.events\/en\/wp-json\/wp\/v2\/pages\/459","targetHints":{"allow":["GET"]}}],"collection":[{"href":"https:\/\/ebrain.events\/en\/wp-json\/wp\/v2\/pages"}],"about":[{"href":"https:\/\/ebrain.events\/en\/wp-json\/wp\/v2\/types\/page"}],"author":[{"embeddable":true,"href":"https:\/\/ebrain.events\/en\/wp-json\/wp\/v2\/users\/3"}],"replies":[{"embeddable":true,"href":"https:\/\/ebrain.events\/en\/wp-json\/wp\/v2\/comments?post=459"}],"version-history":[{"count":19,"href":"https:\/\/ebrain.events\/en\/wp-json\/wp\/v2\/pages\/459\/revisions"}],"predecessor-version":[{"id":794,"href":"https:\/\/ebrain.events\/en\/wp-json\/wp\/v2\/pages\/459\/revisions\/794"}],"wp:attachment":[{"href":"https:\/\/ebrain.events\/en\/wp-json\/wp\/v2\/media?parent=459"}],"curies":[{"name":"wp","href":"https:\/\/api.w.org\/{rel}","templated":true}]}}